{"id":4200,"date":"2024-07-03T15:20:27","date_gmt":"2024-07-03T13:20:27","guid":{"rendered":"https:\/\/sexwork.sexperterna.org\/?page_id=4200"},"modified":"2025-09-29T16:32:54","modified_gmt":"2025-09-29T14:32:54","slug":"about-us","status":"publish","type":"page","link":"https:\/\/sexwork.sexperterna.org\/en\/about-us\/","title":{"rendered":"ABOUT US"},"content":{"rendered":"<p><a href=\"https:\/\/sexwork.sexperterna.org\/wp-content\/uploads\/2025\/06\/Namnlos-design-1.svg\"><img loading=\"lazy\" decoding=\"async\" class=\"wp-image-4270 aligncenter\" src=\"https:\/\/sexwork.sexperterna.org\/wp-content\/uploads\/2025\/06\/Namnlos-design-1.svg\" alt=\"\" width=\"630\" height=\"354\" \/><\/a><\/p>\n<p style=\"text-align: left;\"><span style=\"color: #000000;\">Sexperterna \/ Sexwork is a unit within RFSL Stockholm dedicated to harm reduction for sex workers, with a core focus on sexual health and HIV prevention. <\/span><span style=\"color: #000000;\">Our work covers five main areas: condom distribution, testing, education, advocacy, and counseling offered through\u00a0 <\/span><a href=\"https:\/\/en.sexperterna.org\/samtalsmottagning\/\">RFSL Stockholms counseling clinic<\/a>. <span style=\"color: #000000;\">You can reach us at \u00a0<\/span><a href=\"mailto:sexhalsa@stockholm.rfsl.se\">sexhalsa@rfslstockholm.se<\/a><span style=\"color: #000000;\">\u00a0as well as follow our updates via Instagram <a href=\"https:\/\/www.instagram.com\/rfsl_sexperterna\/\">@rfsl_sexperterna<\/a><\/span><\/p>\n<p>&nbsp;<\/p>\n<h3><a href=\"https:\/\/sexwork.sexperterna.org\/wp-content\/uploads\/2025\/06\/Namnlos-design.svg\"><img loading=\"lazy\" decoding=\"async\" class=\"wp-image-4268 aligncenter\" src=\"https:\/\/sexwork.sexperterna.org\/wp-content\/uploads\/2025\/06\/Namnlos-design.svg\" alt=\"\" width=\"668\" height=\"376\" \/><\/a><\/h3>\n<h3><\/h3>\n<h3 style=\"text-align: left;\"><strong>Our Approach<\/strong><\/h3>\n<p style=\"text-align: left;\">We work with peer-based and empowerment methods. All our activities are designed by, or in collaboration with, sex workers for sex workers. Our approach is based on evidence, ethical research, and recommendations from the World Health Organization. We focus on reducing stigma and making sex work safer.<\/p>\n<h3><\/h3>\n<p>&nbsp;<\/p>\n<h3><strong>Condom Distribution<\/strong><\/h3>\n<p style=\"text-align: left;\">Whether you&#8217;re an individual or an organization, you\u2019re welcome to contact us for a free supply of condoms, lube, and other harm reduction materials essential when meeting clients.<\/p>\n<h3><\/h3>\n<h3><\/h3>\n<p>&nbsp;<\/p>\n<h3><strong>Testing<\/strong><\/h3>\n<p style=\"text-align: left;\">Through <a href=\"https:\/\/testpoint.se\/english\/\">Sexperterna \/ Testpoint<\/a> , we offer low-threshold HIV and STI testing for sex workers of all genders and sexual identities. You can usually test for HIV and syphilis every Tuesday from 18:00 to 20:30 at RFSL Stockholm.<\/p>\n<p>We also offer dedicated testing times for sex workers, where the service is tailored to your needs. A peer (another sex worker) is always present, creating a safe space where you&#8217;re free to talk about what matters to you.<\/p>\n<h3><\/h3>\n<h3><\/h3>\n<p>&nbsp;<\/p>\n<h3><strong>Education for Professionals Working with Sex Workers<\/strong><\/h3>\n<p style=\"text-align: left;\">We offer training on inclusive and respectful treatment for professionals who\u00a0 engage with sex workers in their roles, whether in healthcare, social work, or other support services. Each session is tailored to the specific needs of your team or organization.<\/p>\n<p>&nbsp;<\/p>\n<h3><strong>Counseling<\/strong><\/h3>\n<p style=\"text-align: left;\">RFSL Stockholm&#8217;s counselling clinic offers specialized psychosocial support for sex workers and those who work with this group. As a sex worker, you may choose to remain anonymous. For more info an contact <a href=\"https:\/\/en.sexperterna.org\/samtalsmottagning\/\">click here.<\/a><\/p>\n<h3><\/h3>\n<h3><\/h3>\n<p>&nbsp;<\/p>\n<h3><strong>Advocacy<\/strong><\/h3>\n<p style=\"text-align: left;\">Our website features information written by and in collaboration with sex workers. We aim to raise awareness about the challenges sex workers face and share strategies for addressing them. We collaborate closely with <strong><a href=\"https:\/\/rfslstockholm.se\/queer-sex-workers-qsw\/\">Queer Sex Workers<\/a>,<\/strong> an RFSL Stockholm member group. You can reach them at <a href=\"mailto:qsw@stockholm.rfsl.se\">qsw@stockholm.rfsl.se<\/a>. We also collaborate with <a href=\"https:\/\/redumbrella.se\/\">Red Umbrella Sweden<\/a>, the national organization advocating for sex workers\u2019 rights. This partnership is especially important given our focus on HIV prevention and sexual health: Red Umbrella Sweden is the only organization in Sweden with active sex worker members. You can reach them at <a href=\"mailto:info@redumbrella.se\">info@redumbrella.se<\/a>.<\/p>\n<p>&nbsp;<\/p>\n","protected":false},"excerpt":{"rendered":"<p>Sexperterna \/ Sexwork is a unit within RFSL Stockholm dedicated to harm reduction for sex workers, with a core focus on sexual health and HIV prevention. Our work covers five main areas: condom distribution, testing, education, advocacy, and counseling offered through\u00a0 RFSL Stockholms counseling clinic. You can reach us at \u00a0sexhalsa@rfslstockholm.se\u00a0as well as follow our<a class=\"excerpt-read-more\" href=\"https:\/\/sexwork.sexperterna.org\/en\/about-us\/\" title=\"ReadABOUT US\">&#8230; Read more &raquo;<\/a><\/p>\n","protected":false},"author":9,"featured_media":4273,"parent":0,"menu_order":0,"comment_status":"closed","ping_status":"closed","template":"","meta":{"_acf_changed":false,"footnotes":""},"class_list":["post-4200","page","type-page","status-publish","has-post-thumbnail","hentry","pagetag-harmreduction","pagetag-sexarbete","pagetag-sexwork","wp-sticky"],"acf":[],"yoast_head":"<!-- This site is optimized with the Yoast SEO plugin v26.1.1 - https:\/\/yoast.com\/wordpress\/plugins\/seo\/ -->\n<title>ABOUT US - Sexwork<\/title>\n<meta name=\"description\" content=\"Sexperterna \/ Sexwork is Sexperterna\u2019s unit with a focus on risk and harm reduction for sex workers.Sexperterna \/ Sexwork aims to promote and enhance both the sexual and mental health of sex workers through a variety of interventions such as peer-led activities, networking with professionals working with the target group, and training aimed at persons who meet the target group in their professional roles.\" \/>\n<meta name=\"robots\" content=\"index, follow, max-snippet:-1, max-image-preview:large, max-video-preview:-1\" \/>\n<link rel=\"canonical\" href=\"https:\/\/sexwork.sexperterna.org\/en\/about-us\/\" \/>\n<meta property=\"og:locale\" content=\"en_US\" \/>\n<meta property=\"og:type\" content=\"article\" \/>\n<meta property=\"og:title\" content=\"ABOUT US - Sexwork\" \/>\n<meta property=\"og:description\" content=\"Sexperterna \/ Sexwork is Sexperterna\u2019s unit with a focus on risk and harm reduction for sex workers.Sexperterna \/ Sexwork aims to promote and enhance both the sexual and mental health of sex workers through a variety of interventions such as peer-led activities, networking with professionals working with the target group, and training aimed at persons who meet the target group in their professional roles.\" \/>\n<meta property=\"og:url\" content=\"https:\/\/sexwork.sexperterna.org\/en\/about-us\/\" \/>\n<meta property=\"og:site_name\" content=\"Sexwork\" \/>\n<meta property=\"article:modified_time\" content=\"2025-09-29T14:32:54+00:00\" \/>\n<meta name=\"twitter:card\" content=\"summary_large_image\" \/>\n<meta name=\"twitter:label1\" content=\"Est. reading time\" \/>\n\t<meta name=\"twitter:data1\" content=\"3 minutes\" \/>\n<script type=\"application\/ld+json\" class=\"yoast-schema-graph\">{\"@context\":\"https:\/\/schema.org\",\"@graph\":[{\"@type\":\"WebPage\",\"@id\":\"https:\/\/sexwork.sexperterna.org\/en\/about-us\/\",\"url\":\"https:\/\/sexwork.sexperterna.org\/en\/about-us\/\",\"name\":\"ABOUT US - Sexwork\",\"isPartOf\":{\"@id\":\"https:\/\/sexwork.sexperterna.org\/en\/#website\"},\"primaryImageOfPage\":{\"@id\":\"https:\/\/sexwork.sexperterna.org\/en\/about-us\/#primaryimage\"},\"image\":{\"@id\":\"https:\/\/sexwork.sexperterna.org\/en\/about-us\/#primaryimage\"},\"thumbnailUrl\":\"https:\/\/sexwork.sexperterna.org\/wp-content\/uploads\/2025\/06\/Namnlos-design-2.svg\",\"datePublished\":\"2024-07-03T13:20:27+00:00\",\"dateModified\":\"2025-09-29T14:32:54+00:00\",\"description\":\"Sexperterna \/ Sexwork is Sexperterna\u2019s unit with a focus on risk and harm reduction for sex workers.Sexperterna \/ Sexwork aims to promote and enhance both the sexual and mental health of sex workers through a variety of interventions such as peer-led activities, networking with professionals working with the target group, and training aimed at persons who meet the target group in their professional roles.\",\"breadcrumb\":{\"@id\":\"https:\/\/sexwork.sexperterna.org\/en\/about-us\/#breadcrumb\"},\"inLanguage\":\"en-US\",\"potentialAction\":[{\"@type\":\"ReadAction\",\"target\":[\"https:\/\/sexwork.sexperterna.org\/en\/about-us\/\"]}]},{\"@type\":\"ImageObject\",\"inLanguage\":\"en-US\",\"@id\":\"https:\/\/sexwork.sexperterna.org\/en\/about-us\/#primaryimage\",\"url\":\"https:\/\/sexwork.sexperterna.org\/wp-content\/uploads\/2025\/06\/Namnlos-design-2.svg\",\"contentUrl\":\"https:\/\/sexwork.sexperterna.org\/wp-content\/uploads\/2025\/06\/Namnlos-design-2.svg\"},{\"@type\":\"BreadcrumbList\",\"@id\":\"https:\/\/sexwork.sexperterna.org\/en\/about-us\/#breadcrumb\",\"itemListElement\":[{\"@type\":\"ListItem\",\"position\":1,\"name\":\"Hem\",\"item\":\"https:\/\/sexwork.sexperterna.org\/en\/\"},{\"@type\":\"ListItem\",\"position\":2,\"name\":\"ABOUT US\"}]},{\"@type\":\"WebSite\",\"@id\":\"https:\/\/sexwork.sexperterna.org\/en\/#website\",\"url\":\"https:\/\/sexwork.sexperterna.org\/en\/\",\"name\":\"Sexwork\",\"description\":\"H\u00e4lsa f\u00f6r dig som s\u00e4ljer sex\",\"potentialAction\":[{\"@type\":\"SearchAction\",\"target\":{\"@type\":\"EntryPoint\",\"urlTemplate\":\"https:\/\/sexwork.sexperterna.org\/en\/?s={search_term_string}\"},\"query-input\":{\"@type\":\"PropertyValueSpecification\",\"valueRequired\":true,\"valueName\":\"search_term_string\"}}],\"inLanguage\":\"en-US\"}]}<\/script>\n<!-- \/ Yoast SEO plugin. -->","yoast_head_json":{"title":"ABOUT US - Sexwork","description":"Sexperterna \/ Sexwork is Sexperterna\u2019s unit with a focus on risk and harm reduction for sex workers.Sexperterna \/ Sexwork aims to promote and enhance both the sexual and mental health of sex workers through a variety of interventions such as peer-led activities, networking with professionals working with the target group, and training aimed at persons who meet the target group in their professional roles.","robots":{"index":"index","follow":"follow","max-snippet":"max-snippet:-1","max-image-preview":"max-image-preview:large","max-video-preview":"max-video-preview:-1"},"canonical":"https:\/\/sexwork.sexperterna.org\/en\/about-us\/","og_locale":"en_US","og_type":"article","og_title":"ABOUT US - Sexwork","og_description":"Sexperterna \/ Sexwork is Sexperterna\u2019s unit with a focus on risk and harm reduction for sex workers.Sexperterna \/ Sexwork aims to promote and enhance both the sexual and mental health of sex workers through a variety of interventions such as peer-led activities, networking with professionals working with the target group, and training aimed at persons who meet the target group in their professional roles.","og_url":"https:\/\/sexwork.sexperterna.org\/en\/about-us\/","og_site_name":"Sexwork","article_modified_time":"2025-09-29T14:32:54+00:00","twitter_card":"summary_large_image","twitter_misc":{"Est. reading time":"3 minutes"},"schema":{"@context":"https:\/\/schema.org","@graph":[{"@type":"WebPage","@id":"https:\/\/sexwork.sexperterna.org\/en\/about-us\/","url":"https:\/\/sexwork.sexperterna.org\/en\/about-us\/","name":"ABOUT US - Sexwork","isPartOf":{"@id":"https:\/\/sexwork.sexperterna.org\/en\/#website"},"primaryImageOfPage":{"@id":"https:\/\/sexwork.sexperterna.org\/en\/about-us\/#primaryimage"},"image":{"@id":"https:\/\/sexwork.sexperterna.org\/en\/about-us\/#primaryimage"},"thumbnailUrl":"https:\/\/sexwork.sexperterna.org\/wp-content\/uploads\/2025\/06\/Namnlos-design-2.svg","datePublished":"2024-07-03T13:20:27+00:00","dateModified":"2025-09-29T14:32:54+00:00","description":"Sexperterna \/ Sexwork is Sexperterna\u2019s unit with a focus on risk and harm reduction for sex workers.Sexperterna \/ Sexwork aims to promote and enhance both the sexual and mental health of sex workers through a variety of interventions such as peer-led activities, networking with professionals working with the target group, and training aimed at persons who meet the target group in their professional roles.","breadcrumb":{"@id":"https:\/\/sexwork.sexperterna.org\/en\/about-us\/#breadcrumb"},"inLanguage":"en-US","potentialAction":[{"@type":"ReadAction","target":["https:\/\/sexwork.sexperterna.org\/en\/about-us\/"]}]},{"@type":"ImageObject","inLanguage":"en-US","@id":"https:\/\/sexwork.sexperterna.org\/en\/about-us\/#primaryimage","url":"https:\/\/sexwork.sexperterna.org\/wp-content\/uploads\/2025\/06\/Namnlos-design-2.svg","contentUrl":"https:\/\/sexwork.sexperterna.org\/wp-content\/uploads\/2025\/06\/Namnlos-design-2.svg"},{"@type":"BreadcrumbList","@id":"https:\/\/sexwork.sexperterna.org\/en\/about-us\/#breadcrumb","itemListElement":[{"@type":"ListItem","position":1,"name":"Hem","item":"https:\/\/sexwork.sexperterna.org\/en\/"},{"@type":"ListItem","position":2,"name":"ABOUT US"}]},{"@type":"WebSite","@id":"https:\/\/sexwork.sexperterna.org\/en\/#website","url":"https:\/\/sexwork.sexperterna.org\/en\/","name":"Sexwork","description":"H\u00e4lsa f\u00f6r dig som s\u00e4ljer sex","potentialAction":[{"@type":"SearchAction","target":{"@type":"EntryPoint","urlTemplate":"https:\/\/sexwork.sexperterna.org\/en\/?s={search_term_string}"},"query-input":{"@type":"PropertyValueSpecification","valueRequired":true,"valueName":"search_term_string"}}],"inLanguage":"en-US"}]}},"_links":{"self":[{"href":"https:\/\/sexwork.sexperterna.org\/en\/wp-json\/wp\/v2\/pages\/4200","targetHints":{"allow":["GET"]}}],"collection":[{"href":"https:\/\/sexwork.sexperterna.org\/en\/wp-json\/wp\/v2\/pages"}],"about":[{"href":"https:\/\/sexwork.sexperterna.org\/en\/wp-json\/wp\/v2\/types\/page"}],"author":[{"embeddable":true,"href":"https:\/\/sexwork.sexperterna.org\/en\/wp-json\/wp\/v2\/users\/9"}],"replies":[{"embeddable":true,"href":"https:\/\/sexwork.sexperterna.org\/en\/wp-json\/wp\/v2\/comments?post=4200"}],"version-history":[{"count":18,"href":"https:\/\/sexwork.sexperterna.org\/en\/wp-json\/wp\/v2\/pages\/4200\/revisions"}],"predecessor-version":[{"id":4311,"href":"https:\/\/sexwork.sexperterna.org\/en\/wp-json\/wp\/v2\/pages\/4200\/revisions\/4311"}],"wp:featuredmedia":[{"embeddable":true,"href":"https:\/\/sexwork.sexperterna.org\/en\/wp-json\/wp\/v2\/media\/4273"}],"wp:attachment":[{"href":"https:\/\/sexwork.sexperterna.org\/en\/wp-json\/wp\/v2\/media?parent=4200"}],"curies":[{"name":"wp","href":"https:\/\/api.w.org\/{rel}","templated":true}]}}